{"id":215,"date":"2024-06-11T12:07:35","date_gmt":"2024-06-11T12:07:35","guid":{"rendered":"https:\/\/www.yourrapidtransformation.com\/?page_id=215"},"modified":"2024-06-17T07:21:58","modified_gmt":"2024-06-17T07:21:58","slug":"privacy-policy-2","status":"publish","type":"page","link":"https:\/\/www.yourrapidtransformation.com\/de\/privacy-policy-2\/","title":{"rendered":"Datenschutzerkl\u00e4rung"},"content":{"rendered":"<div data-elementor-type=\"wp-page\" data-elementor-id=\"215\" class=\"elementor elementor-215\" data-elementor-post-type=\"page\">\n\t\t\t\t\t\t<section class=\"elementor-section elementor-top-section elementor-element elementor-element-d1156b7 elementor-section-boxed elementor-section-height-default elementor-section-height-default\" data-id=\"d1156b7\" data-element_type=\"section\" data-settings=\"{&quot;background_background&quot;:&quot;classic&quot;}\">\n\t\t\t\t\t\t<div class=\"elementor-container elementor-column-gap-default\">\n\t\t\t\t\t<div class=\"elementor-column elementor-col-100 elementor-top-column elementor-element elementor-element-a63a142\" data-id=\"a63a142\" data-element_type=\"column\">\n\t\t\t<div class=\"elementor-widget-wrap elementor-element-populated\">\n\t\t\t\t\t\t<section class=\"elementor-section elementor-inner-section elementor-element elementor-element-0b7fc8f elementor-section-boxed elementor-section-height-default elementor-section-height-default\" data-id=\"0b7fc8f\" data-element_type=\"section\">\n\t\t\t\t\t\t<div class=\"elementor-container elementor-column-gap-default\">\n\t\t\t\t\t<div class=\"elementor-column elementor-col-50 elementor-inner-column elementor-element elementor-element-8581225\" data-id=\"8581225\" data-element_type=\"column\">\n\t\t\t<div class=\"elementor-widget-wrap elementor-element-populated\">\n\t\t\t\t\t\t<div class=\"elementor-element elementor-element-aea4904 elementor-widget elementor-widget-heading\" data-id=\"aea4904\" data-element_type=\"widget\" data-widget_type=\"heading.default\">\n\t\t\t\t<div class=\"elementor-widget-container\">\n\t\t\t\t\t<h2 class=\"elementor-heading-title elementor-size-default\">Datenschutzerkl\u00e4rung<\/h2>\t\t\t\t<\/div>\n\t\t\t\t<\/div>\n\t\t\t\t\t<\/div>\n\t\t<\/div>\n\t\t\t\t<div class=\"elementor-column elementor-col-50 elementor-inner-column elementor-element elementor-element-3ab58a2\" data-id=\"3ab58a2\" data-element_type=\"column\">\n\t\t\t<div class=\"elementor-widget-wrap\">\n\t\t\t\t\t\t\t<\/div>\n\t\t<\/div>\n\t\t\t\t\t<\/div>\n\t\t<\/section>\n\t\t\t\t\t<\/div>\n\t\t<\/div>\n\t\t\t\t\t<\/div>\n\t\t<\/section>\n\t\t\t\t<section class=\"elementor-section elementor-top-section elementor-element elementor-element-04fc8d2 elementor-section-boxed elementor-section-height-default elementor-section-height-default\" data-id=\"04fc8d2\" data-element_type=\"section\">\n\t\t\t\t\t\t<div class=\"elementor-container elementor-column-gap-default\">\n\t\t\t\t\t<div class=\"elementor-column elementor-col-100 elementor-top-column elementor-element elementor-element-ac71e20\" data-id=\"ac71e20\" data-element_type=\"column\">\n\t\t\t<div class=\"elementor-widget-wrap elementor-element-populated\">\n\t\t\t\t\t\t<section class=\"elementor-section elementor-inner-section elementor-element elementor-element-bfd9202 elementor-section-boxed elementor-section-height-default elementor-section-height-default\" data-id=\"bfd9202\" data-element_type=\"section\">\n\t\t\t\t\t\t<div class=\"elementor-container elementor-column-gap-default\">\n\t\t\t\t\t<div class=\"elementor-column elementor-col-100 elementor-inner-column elementor-element elementor-element-5d42909\" data-id=\"5d42909\" data-element_type=\"column\">\n\t\t\t<div class=\"elementor-widget-wrap elementor-element-populated\">\n\t\t\t\t\t\t<div class=\"elementor-element elementor-element-3533a9a elementor-widget elementor-widget-text-editor\" data-id=\"3533a9a\" data-element_type=\"widget\" data-widget_type=\"text-editor.default\">\n\t\t\t\t<div class=\"elementor-widget-container\">\n\t\t\t\t\t\t\t\t\t<p>Datenschutzerkl\u00e4rung<br \/>Zuletzt aktualisiert am: 11. Juni 2024<br \/>Diese Datenschutzrichtlinie beschreibt unsere Richtlinien und Verfahren zur Erhebung, Nutzung und Offenlegung deiner Informationen bei der Nutzung des Dienstes und informiert dich \u00fcber deine Datenschutzrechte und dar\u00fcber, wie das Gesetz dich sch\u00fctzt.<br \/>Wir verwenden deine pers\u00f6nlichen Daten, um den Service bereitzustellen und zu verbessern. Durch die Nutzung des Dienstes erkl\u00e4rst du dich mit der Erhebung und Verwendung von Informationen gem\u00e4\u00df dieser Datenschutzrichtlinie einverstanden. Diese Datenschutzrichtlinie wurde mit Hilfe des Datenschutzrichtlinien-Generators erstellt.<br \/>Auslegung und Definitionen<br \/>Auslegung<br \/>Die W\u00f6rter, deren anf\u00e4nglicher Buchstabe gro\u00dfgeschrieben ist, haben unter den folgenden Bedingungen festgelegte Bedeutungen. Die folgenden Definitionen haben unabh\u00e4ngig davon, ob sie im Singular oder im Plural erscheinen, die gleiche Bedeutung.<br \/>Definitionen<br \/>F\u00fcr die Zwecke dieser Datenschutzrichtlinie:<\/p><p><br \/>Konto bedeutet ein eindeutiges Konto, das f\u00fcr dich erstellt wurde, um auf unseren Dienst oder Teile unseres Dienstes zuzugreifen.<\/p><p><br \/>Affiliate bedeutet eine Einheit, die eine Partei kontrolliert, von ihr kontrolliert wird oder unter gemeinsamer Kontrolle mit ihr steht, wobei Kontrolle bedeutet, dass sie Eigent\u00fcmer von 50 % oder mehr der Aktien, Eigenkapitalbeteiligungen oder anderer Wertpapiere ist, die berechtigt sind, f\u00fcr die Wahl von Direktoren oder anderer leitender Organe zu stimmen.<\/p><p><br \/>Das Unternehmen (im Folgenden als das Unternehmen, wir, uns oder unser in dieser Vereinbarung bezeichnet) bezieht sich auf Peter Prenner.<\/p><p><br \/>Cookies sind kleine Dateien, die von einer Website auf deinen Computer, dein mobiles Ger\u00e4t oder ein anderes Ger\u00e4t platziert werden und unter anderem Details zu deiner Browserhistorie auf dieser Website enthalten.<\/p><p><br \/>Land bezieht sich auf: Berlin, Deutschland.<\/p><p><br \/>Ger\u00e4t bedeutet jedes Ger\u00e4t, das auf den Dienst zugreifen kann, wie z. B. ein Computer, ein Mobiltelefon oder ein Tablet.<\/p><p><br \/>Personenbezogene Daten sind alle Informationen, die sich auf eine identifizierte oder identifizierbare Person beziehen.<\/p><p><br \/>Dienst bezieht sich auf die Website.<\/p><p><br \/>Dienstleister bezeichnet jede nat\u00fcrliche oder juristische Person, die die Daten im Auftrag des Unternehmens verarbeitet. Dies bezieht sich auf Drittunternehmen oder Einzelpersonen, die vom Unternehmen beauftragt wurden, den Dienst zu erleichtern, den Dienst im Auftrag des Unternehmens bereitzustellen, Dienstleistungen im Zusammenhang mit dem Dienst zu erbringen oder dem Unternehmen bei der Analyse der Nutzung des Dienstes zu helfen.<\/p><p><br \/>Nutzungsdaten bezieht sich auf Daten, die automatisch erfasst werden, entweder durch die Nutzung des Dienstes oder von der Infrastruktur des Dienstes selbst (zum Beispiel die Dauer eines Seitenbesuchs).<\/p><p><br \/>Website bezieht sich auf Peter Prenner, zug\u00e4nglich unter [Peter Prenner](Peter Prenner).<\/p><p><br \/>Sie bezeichnet die Person, die auf den Dienst zugreift oder diesen nutzt, oder das Unternehmen oder eine andere juristische Person, in deren Namen diese Person auf den Dienst zugreift oder diesen nutzt, soweit zutreffend.<\/p><p><br \/>Erhebung und Verwendung deiner personenbezogenen Daten<br \/>Arten der erhobenen Daten<br \/>Personenbezogene Daten<br \/>Bei der Nutzung unseres Dienstes k\u00f6nnen wir dich bitten, uns bestimmte personenbezogene Daten zur Verf\u00fcgung zu stellen, die dazu verwendet werden k\u00f6nnen, dich zu kontaktieren oder zu identifizieren. Zu den personenbezogenen Daten k\u00f6nnen unter anderem geh\u00f6ren:<\/p><p><br \/>E-Mail-Adresse<\/p><p><br \/>Vorname und Nachname<\/p><p><br \/>Telefonnummer<\/p><p><br \/>Adresse, Bundesland, Provinz, PLZ\/Postleitzahl, Stadt<\/p><p><br \/>Nutzungsdaten<\/p><p><br \/>Nutzungsdaten<br \/>Nutzungsdaten werden automatisch bei der Nutzung des Dienstes erfasst.<br \/>Nutzungsdaten k\u00f6nnen Informationen wie die Internetprotokolladresse deines Ger\u00e4ts (z. B. IP-Adresse), den Browsertyp, die Browserversion, die Seiten unseres Dienstes, die du besuchst, das Datum und die Uhrzeit deines Besuchs, die auf diesen Seiten verbrachte Zeit, eindeutige Ger\u00e4tekennungen und andere Diagnosedaten umfassen.<br \/>Wenn du auf den Dienst \u00fcber ein mobiles Ger\u00e4t zugreifst, k\u00f6nnen wir bestimmte Informationen automatisch erfassen, einschlie\u00dflich, aber nicht beschr\u00e4nkt auf den Typ des von dir verwendeten mobilen Ger\u00e4ts, die eindeutige ID deines mobilen Ger\u00e4ts, die IP-Adresse deines mobilen Ger\u00e4ts, dein mobiles Betriebssystem, den Typ des von dir verwendeten mobilen Internetbrowsers, eindeutige Ger\u00e4tekennungen und andere Diagnosedaten.<br \/>Wir k\u00f6nnen auch Informationen erfassen, die dein Browser sendet, wenn du unseren Dienst besuchst oder wenn du \u00fcber ein mobiles Ger\u00e4t auf den Dienst zugreifst.<br \/>Verfolgungstechnologien und Cookies<br \/>Wir verwenden Cookies und \u00e4hnliche Verfolgungstechnologien, um die Aktivit\u00e4ten auf unserem Dienst zu verfolgen und bestimmte Informationen zu speichern. Verwendete Verfolgungstechnologien sind Beacons, Tags und Skripte, um Informationen zu sammeln und zu verfolgen sowie unseren Dienst zu verbessern und zu analysieren. Die von uns verwendeten Technologien k\u00f6nnen umfassen:<\/p><p>Cookies oder Browser-Cookies. Ein Cookie ist eine kleine Datei, die auf deinem Ger\u00e4t gespeichert wird. Du kannst deinen Browser anweisen, alle Cookies abzulehnen oder anzuzeigen, wenn ein Cookie gesendet wird. Wenn du jedoch keine Cookies akzeptierst, kannst du m\u00f6glicherweise einige Teile unseres Dienstes nicht nutzen. Sofern du deine Browsereinstellungen nicht so angepasst hast, dass Cookies abgelehnt werden, kann unser Dienst Cookies verwenden.<br \/>Web-Beacons. Bestimmte Abschnitte unseres Dienstes und unsere E-Mails k\u00f6nnen kleine elektronische Dateien enthalten, die als Web-Beacons bekannt sind (auch als Clear Gifs, Pixel Tags und Single-Pixel Gifs bezeichnet), die es dem Unternehmen erm\u00f6glichen, beispielsweise die Anzahl der Benutzer zu z\u00e4hlen, die diese Seiten besucht oder eine E-Mail ge\u00f6ffnet haben, sowie andere verwandte Website-Statistiken zu erfassen (zum Beispiel die Beliebtheit eines bestimmten Abschnitts zu verzeichnen und die System- und Serverintegrit\u00e4t zu \u00fcberpr\u00fcfen).<\/p><p>Cookies k\u00f6nnen persistent oder sessionbasiert sein. Persistente Cookies bleiben auf deinem Computer oder mobilen Ger\u00e4t gespeichert, wenn du offline gehst, w\u00e4hrend Session-Cookies gel\u00f6scht werden, sobald du deinen Webbrowser schlie\u00dft. Weitere Informationen \u00fcber Cookies findest du im Artikel auf der Website von TermsFeed.<br \/>Wir verwenden sowohl Session-Cookies als auch persistente Cookies f\u00fcr die unten aufgef\u00fchrten Zwecke:<\/p><p><br \/>Notwendige \/ Essenzielle Cookies<br \/>Typ: Session-Cookies<br \/>Verwaltet von: Uns<br \/>Zweck: Diese Cookies sind unerl\u00e4sslich, um dir Dienste bereitzustellen, die \u00fcber die Website verf\u00fcgbar sind, und um dir die Nutzung einiger ihrer Funktionen zu erm\u00f6glichen. Sie helfen dabei, Benutzer zu authentifizieren und den betr\u00fcgerischen Gebrauch von Benutzerkonten zu verhindern. Ohne diese Cookies k\u00f6nnen die von dir angeforderten Dienste nicht bereitgestellt werden, und wir verwenden diese Cookies nur, um dir diese Dienste bereitzustellen.<\/p><p><br \/>Cookies-Richtlinie \/ Akzeptanz-Cookies f\u00fcr Hinweise<br \/>Typ: Persistente Cookies<br \/>Verwaltet von: Uns<br \/>Zweck: Diese Cookies erkennen, ob Benutzer die Verwendung von Cookies auf der Website akzeptiert haben.<\/p><p><br \/>Funktionalit\u00e4ts-Cookies<br \/>Typ: Persistente Cookies<br \/>Verwaltet von: Uns<br \/>Zweck: Diese Cookies erm\u00f6glichen es uns, uns an die von dir getroffenen Entscheidungen zu erinnern, wenn du die Website nutzt, wie z. B. deine Anmeldedaten oder deine Sprachpr\u00e4ferenz. Der Zweck dieser Cookies ist es, dir eine pers\u00f6nlichere Erfahrung zu bieten und zu vermeiden, dass du deine Einstellungen jedes Mal neu eingeben musst, wenn du die Website nutzt.<\/p><p><br \/>Weitere Informationen \u00fcber die von uns verwendeten Cookies und deine Wahlm\u00f6glichkeiten in Bezug auf Cookies findest du in unserer Cookies-Richtlinie oder im Abschnitt Cookies unserer Datenschutzrichtlinie.<br \/>Verwendung deiner personenbezogenen Daten<br \/>Das Unternehmen kann personenbezogene Daten f\u00fcr die folgenden Zwecke verwenden:<\/p><p><br \/>Um unseren Dienst bereitzustellen und zu pflegen, einschlie\u00dflich der \u00dcberwachung der Nutzung unseres Dienstes.<\/p><p><br \/>Zur Verwaltung deines Kontos: um deine Registrierung als Benutzer des Dienstes zu verwalten. Die von dir bereitgestellten personenbezogenen Daten k\u00f6nnen dir Zugang zu verschiedenen Funktionen des Dienstes gew\u00e4hren, die dir als registrierter Benutzer zur Verf\u00fcgung stehen.<\/p><p><br \/>Zur Erf\u00fcllung eines Vertrags: die Entwicklung, Einhaltung und Durchf\u00fchrung des Kaufvertrags f\u00fcr die von dir erworbenen Produkte, Artikel oder Dienstleistungen oder eines anderen Vertrags mit uns \u00fcber den Dienst.<\/p><p><br \/>Um dich zu kontaktieren: Um dich per E-Mail, Telefonanruf, SMS oder anderen gleichwertigen Formen der elektronischen Kommunikation zu kontaktieren, wie z. B. Push-Benachrichtigungen einer mobilen Anwendung, bez\u00fcglich Updates oder informativer Mitteilungen in Bezug auf die Funktionen, Produkte oder beauftragten Dienstleistungen, einschlie\u00dflich Sicherheitsupdates, wenn dies f\u00fcr deren Umsetzung notwendig oder sinnvoll ist.<\/p><p><br \/>Um dir Nachrichten, Sonderangebote und allgemeine Informationen \u00fcber andere Waren, Dienstleistungen und Veranstaltungen bereitzustellen, die wir anbieten und die denen \u00e4hnlich sind, die du bereits gekauft oder nach denen du gefragt hast, es sei denn, du hast dich dagegen entschieden, solche Informationen zu erhalten.<\/p><p><br \/>Um deine Anfragen zu verwalten: Um deine Anfragen an uns zu bearbeiten und zu verwalten.<\/p><p><br \/>F\u00fcr Unternehmens\u00fcbertragungen: Wir k\u00f6nnen deine Informationen verwenden, um eine Fusion, Ver\u00e4u\u00dferung, Umstrukturierung, Reorganisation, Aufl\u00f6sung oder einen anderen Verkauf oder Transfer einiger oder aller unserer Verm\u00f6genswerte zu bewerten oder durchzuf\u00fchren, sei es im Rahmen des normalen Gesch\u00e4ftsbetriebs oder als Teil eines Insolvenz-, Liquidations- oder \u00e4hnlichen Verfahrens, bei dem personenbezogene Daten, die wir \u00fcber unsere Dienstnutzer besitzen, zu den \u00fcbertragenen Verm\u00f6genswerten geh\u00f6ren.<\/p><p><br \/>F\u00fcr andere Zwecke: Wir k\u00f6nnen deine Informationen f\u00fcr andere Zwecke verwenden, wie zum Beispiel Datenanalysen, die Identifizierung von Nutzungstrends, die Bestimmung der Wirksamkeit unserer Werbekampagnen sowie zur Bewertung und Verbesserung unseres Dienstes, unserer Produkte, Dienstleistungen, Marketingma\u00dfnahmen und deiner Erfahrungen.<\/p><p><br \/>Wir k\u00f6nnen deine personenbezogenen Daten in den folgenden Situationen weitergeben:<\/p><p>Mit Dienstleistern: Wir k\u00f6nnen deine personenbezogenen Daten mit Dienstleistern teilen, um die Nutzung unseres Dienstes zu \u00fcberwachen und zu analysieren, sowie um dich zu kontaktieren.<br \/>F\u00fcr Unternehmens\u00fcbertragungen: Wir k\u00f6nnen deine personenbezogenen Daten im Zusammenhang mit oder w\u00e4hrend der Verhandlungen \u00fcber eine Fusion, den Verkauf von Unternehmensverm\u00f6gen, Finanzierungen oder die \u00dcbernahme eines Teils oder des gesamten Gesch\u00e4fts durch ein anderes Unternehmen weitergeben oder \u00fcbertragen.<br \/>Mit verbundenen Unternehmen: Wir k\u00f6nnen deine Informationen mit unseren verbundenen Unternehmen teilen. In diesem Fall werden wir von diesen verbundenen Unternehmen verlangen, diese Datenschutzrichtlinie einzuhalten. Zu den verbundenen Unternehmen geh\u00f6ren unsere Muttergesellschaft und alle anderen Tochtergesellschaften, Joint-Venture-Partner oder andere Unternehmen, die wir kontrollieren oder die unter gemeinsamer Kontrolle mit uns stehen.<br \/>Mit Gesch\u00e4ftspartnern: Wir k\u00f6nnen deine Informationen mit unseren Gesch\u00e4ftspartnern teilen, um dir bestimmte Produkte, Dienstleistungen oder Werbeaktionen anzubieten.<br \/>Mit anderen Nutzern: Wenn du personenbezogene Informationen teilst oder auf andere Weise in den \u00f6ffentlichen Bereichen mit anderen Nutzern interagierst, k\u00f6nnen diese Informationen von allen Nutzern eingesehen und \u00f6ffentlich au\u00dferhalb verbreitet werden.<br \/>Mit deiner Zustimmung: Wir k\u00f6nnen deine personenbezogenen Informationen f\u00fcr jeden anderen Zweck mit deiner Zustimmung offenlegen.<\/p><p>Aufbewahrung deiner personenbezogenen Daten<br \/>Das Unternehmen wird deine personenbezogenen Daten nur so lange aufbewahren, wie es f\u00fcr die in dieser Datenschutzrichtlinie festgelegten Zwecke erforderlich ist. Wir werden deine personenbezogenen Daten in dem Ma\u00dfe aufbewahren und verwenden, wie es notwendig ist, um unseren gesetzlichen Verpflichtungen nachzukommen (zum Beispiel, wenn wir deine Daten aufbewahren m\u00fcssen, um geltenden Gesetzen zu entsprechen), Streitigkeiten beizulegen und unsere rechtlichen Vereinbarungen und Richtlinien durchzusetzen.<br \/>Das Unternehmen wird auch Nutzungsdaten f\u00fcr interne Analysezwecke aufbewahren. Nutzungsdaten werden in der Regel f\u00fcr einen k\u00fcrzeren Zeitraum aufbewahrt, es sei denn, diese Daten werden verwendet, um die Sicherheit zu st\u00e4rken oder die Funktionalit\u00e4t unseres Dienstes zu verbessern, oder wir sind gesetzlich verpflichtet, diese Daten f\u00fcr l\u00e4ngere Zeitr\u00e4ume aufzubewahren.<br \/>\u00dcbertragung deiner personenbezogenen Daten<br \/>Deine Informationen, einschlie\u00dflich personenbezogener Daten, werden in den Betriebsb\u00fcros des Unternehmens und an allen anderen Orten verarbeitet, an denen die an der Verarbeitung beteiligten Parteien ans\u00e4ssig sind. Dies bedeutet, dass diese Informationen auf Computer \u00fcbertragen und dort gespeichert werden k\u00f6nnen, die sich au\u00dferhalb deines Bundeslandes, deiner Provinz, deines Landes oder anderer staatlicher Zust\u00e4ndigkeitsbereiche befinden, wo die Datenschutzgesetze m\u00f6glicherweise anders sind als in deiner Zust\u00e4ndigkeit.<br \/>Deine Zustimmung zu dieser Datenschutzrichtlinie und die anschlie\u00dfende \u00dcbermittlung solcher Informationen stellen deine Zustimmung zu dieser \u00dcbertragung dar.<br \/>Das Unternehmen wird alle angemessenen Schritte unternehmen, um sicherzustellen, dass deine Daten sicher und in \u00dcbereinstimmung mit dieser Datenschutzrichtlinie behandelt werden, und es wird keine \u00dcbertragung deiner pers\u00f6nlichen Daten an eine Organisation oder ein Land stattfinden, wenn nicht angemessene Kontrollen vorhanden sind, die die Sicherheit deiner Daten und anderer pers\u00f6nlicher Informationen einschlie\u00dfen.<br \/>L\u00f6schen deiner personenbezogenen Daten<br \/>Du hast das Recht, deine personenbezogenen Daten zu l\u00f6schen oder zu verlangen, dass wir dir bei der L\u00f6schung der von uns \u00fcber dich gesammelten personenbezogenen Daten helfen.<br \/>Unser Dienst kann dir die M\u00f6glichkeit geben, bestimmte Informationen \u00fcber dich direkt im Dienst zu l\u00f6schen.<br \/>Du kannst deine Informationen jederzeit aktualisieren, \u00e4ndern oder l\u00f6schen, indem du dich in dein Konto einloggst, falls du eines hast, und den Abschnitt \"Kontoeinstellungen\" besuchst, der es dir erm\u00f6glicht, deine pers\u00f6nlichen Informationen zu verwalten. Du kannst uns auch kontaktieren, um Zugang zu deinen personenbezogenen Daten zu erhalten, diese zu korrigieren oder zu l\u00f6schen.<br \/>Bitte beachte jedoch, dass wir bestimmte Informationen aufbewahren m\u00fcssen, wenn wir eine gesetzliche Verpflichtung oder eine rechtm\u00e4\u00dfige Grundlage dazu haben.<br \/>Offenlegung deine personenbezogenen Daten<br \/>Gesch\u00e4ftstransaktionen<br \/>Wenn das Unternehmen an einer Fusion, \u00dcbernahme oder einem Verkauf von Verm\u00f6genswerten beteiligt ist, k\u00f6nnen deine personenbezogenen Daten \u00fcbertragen werden. Wir werden dich benachrichtigen, bevor deine personenbezogenen Daten \u00fcbertragen werden und einer anderen Datenschutzrichtlinie unterliegen.<br \/>Strafverfolgung<br \/>Unter bestimmten Umst\u00e4nden kann das Unternehmen verpflichtet sein, deine personenbezogenen Daten offenzulegen, wenn dies gesetzlich vorgeschrieben ist oder auf g\u00fcltige Anfragen von \u00f6ffentlichen Beh\u00f6rden (z. B. einem Gericht oder einer Regierungsbeh\u00f6rde) hin.<br \/>Andere gesetzliche Anforderungen<br \/>Das Unternehmen kann deine personenbezogenen Daten in dem guten Glauben offenlegen, dass eine solche Ma\u00dfnahme notwendig ist, um:<\/p><p>einer gesetzlichen Verpflichtung nachzukommen<br \/>die Rechte oder das Eigentum des Unternehmens zu sch\u00fctzen und zu verteidigen<br \/>m\u00f6gliche Fehlverhalten im Zusammenhang mit dem Dienst zu verhindern oder zu untersuchen<br \/>die pers\u00f6nliche Sicherheit der Nutzer des Dienstes oder der \u00d6ffentlichkeit zu sch\u00fctzen<br \/>sich gegen rechtliche Haftung zu sch\u00fctzen<\/p><p>Sicherheit deiner personenbezogenen Daten<br \/>Die Sicherheit deiner pers\u00f6nlichen Daten ist uns wichtig, aber denke daran, dass keine Methode der \u00dcbertragung \u00fcber das Internet oder der elektronischen Speicherung 100 % sicher ist. Wir bem\u00fchen uns, deine pers\u00f6nlichen Daten mit kommerziell akzeptablen Mitteln zu sch\u00fctzen, k\u00f6nnen aber keine absolute Sicherheit garantieren.<br \/>Datenschutz f\u00fcr Kinder<br \/>Unser Dienst richtet sich nicht an Personen unter 13 Jahren. Wir sammeln nicht wissentlich personenbezogene Daten von Personen unter 13 Jahren. Wenn du Elternteil oder Erziehungsberechtigter bist und wei\u00dft, dass dein Kind uns personenbezogene Daten zur Verf\u00fcgung gestellt hat, kontaktiere uns bitte. Wenn wir feststellen, dass wir personenbezogene Daten von jemandem unter 13 Jahren ohne \u00dcberpr\u00fcfung der elterlichen Zustimmung gesammelt haben, ergreifen wir Ma\u00dfnahmen, um diese Informationen von unseren Servern zu entfernen.<br \/>Wenn wir auf die Zustimmung als rechtliche Grundlage f\u00fcr die Verarbeitung deiner Informationen angewiesen sind und dein Land die Zustimmung eines Elternteils erfordert, k\u00f6nnen wir die Zustimmung deiner Eltern ben\u00f6tigen, bevor wir diese Informationen sammeln und verwenden.<br \/>Links zu anderen Websites<br \/>Unser Dienst kann Links zu anderen Websites enthalten, die nicht von uns betrieben werden. Wenn du auf einen Link eines Drittanbieters klickst, wirst du auf die Website dieses Drittanbieters weitergeleitet. Wir empfehlen dir dringend, die Datenschutzrichtlinie jeder Website zu \u00fcberpr\u00fcfen, die du besuchst.<br \/>Wir haben keine Kontrolle \u00fcber den Inhalt, die Datenschutzrichtlinien oder Praktiken von Websites oder Diensten Dritter und \u00fcbernehmen keine Verantwortung daf\u00fcr.<br \/>\u00c4nderungen dieser Datenschutzrichtlinie<br \/>Wir k\u00f6nnen unsere Datenschutzrichtlinie von Zeit zu Zeit aktualisieren. \u00dcber \u00c4nderungen werden wir dich informieren, indem wir die neue Datenschutzrichtlinie auf dieser Seite ver\u00f6ffentlichen.<br \/>Wir werden dich per E-Mail und\/oder durch eine prominente Benachrichtigung auf unserem Dienst \u00fcber \u00c4nderungen informieren, bevor diese in Kraft treten, und das Datum der letzten Aktualisierung oben in dieser Datenschutzrichtlinie aktualisieren.<br \/>Es wird empfohlen, diese Datenschutzrichtlinie regelm\u00e4\u00dfig auf \u00c4nderungen zu \u00fcberpr\u00fcfen. \u00c4nderungen dieser Datenschutzrichtlinie treten in Kraft, sobald sie auf dieser Seite ver\u00f6ffentlicht werden.<br \/>Kontaktiere uns<br \/>Wenn du Fragen zu dieser Datenschutzrichtlinie hast, kannst du uns kontaktieren:<\/p><p>Per E-Mail: info@peter.com<\/p>\t\t\t\t\t\t\t\t<\/div>\n\t\t\t\t<\/div>\n\t\t\t\t\t<\/div>\n\t\t<\/div>\n\t\t\t\t\t<\/div>\n\t\t<\/section>\n\t\t\t\t\t<\/div>\n\t\t<\/div>\n\t\t\t\t\t<\/div>\n\t\t<\/section>\n\t\t\t\t<\/div>","protected":false},"excerpt":{"rendered":"<p>Privacy Policy Privacy PolicyLast updated: June 11, 2024This Privacy Policy describes Our policies and procedures on the collection, use and disclosure of Your information when You use the Service and tells You about Your privacy rights and how the law protects You.We use Your Personal data to provide and improve the Service. By using the [&hellip;]<\/p>","protected":false},"author":3,"featured_media":0,"parent":0,"menu_order":0,"comment_status":"closed","ping_status":"closed","template":"","meta":{"content-type":"","footnotes":""},"class_list":["post-215","page","type-page","status-publish","hentry"],"_links":{"self":[{"href":"https:\/\/www.yourrapidtransformation.com\/de\/wp-json\/wp\/v2\/pages\/215","targetHints":{"allow":["GET"]}}],"collection":[{"href":"https:\/\/www.yourrapidtransformation.com\/de\/wp-json\/wp\/v2\/pages"}],"about":[{"href":"https:\/\/www.yourrapidtransformation.com\/de\/wp-json\/wp\/v2\/types\/page"}],"author":[{"embeddable":true,"href":"https:\/\/www.yourrapidtransformation.com\/de\/wp-json\/wp\/v2\/users\/3"}],"replies":[{"embeddable":true,"href":"https:\/\/www.yourrapidtransformation.com\/de\/wp-json\/wp\/v2\/comments?post=215"}],"version-history":[{"count":22,"href":"https:\/\/www.yourrapidtransformation.com\/de\/wp-json\/wp\/v2\/pages\/215\/revisions"}],"predecessor-version":[{"id":650,"href":"https:\/\/www.yourrapidtransformation.com\/de\/wp-json\/wp\/v2\/pages\/215\/revisions\/650"}],"wp:attachment":[{"href":"https:\/\/www.yourrapidtransformation.com\/de\/wp-json\/wp\/v2\/media?parent=215"}],"curies":[{"name":"wp","href":"https:\/\/api.w.org\/{rel}","templated":true}]}}